{"id":12321,"date":"2026-02-23T14:43:23","date_gmt":"2026-02-23T14:43:23","guid":{"rendered":"https:\/\/dopamintravel.com.tr\/tr\/?post_type=product&#038;p=12321"},"modified":"2026-03-14T12:01:59","modified_gmt":"2026-03-14T12:01:59","slug":"efsaneler-gece-gosterisi","status":"publish","type":"product","link":"https:\/\/dopamintravel.com.tr\/tr\/tur\/efsaneler-gece-gosterisi\/","title":{"rendered":"Efsaneler Gece G\u00f6sterisi"},"content":{"rendered":"<h2>\ud83c\udf19 <strong>LAND OF LEGENDS GECE \u015eOVU \u2014 Belek<\/strong><\/h2>\n<p>Saat <strong>18:00&#8217;de otelden al\u0131n\u0131yorsunuz<\/strong> ve Belek&#8217;teki Land of Legends&#8217;a g\u00f6t\u00fcr\u00fcl\u00fcyorsunuz. Sizi b\u00fcy\u00fcleyici bir gece bekliyor!<\/p>\n<p>\u2728 <strong>Gecede sizi neler bekliyor?<\/strong><\/p>\n<ul>\n<li>\ud83d\udc83 Nefes kesen <strong>dans g\u00f6sterileri<\/strong><\/li>\n<li>\ud83c\udf86 G\u00f6ky\u00fcz\u00fcn\u00fc ayd\u0131nlatan <strong>havai fi\u015fek \u015fovlar\u0131<\/strong><\/li>\n<li>\u26f2 B\u00fcy\u00fcleyici <strong>su ve \u0131\u015f\u0131k fonteni g\u00f6sterileri<\/strong><\/li>\n<li>\ud83d\udecd\ufe0f Canl\u0131 atmosferiyle <strong>al\u0131\u015fveri\u015f merkezi<\/strong><\/li>\n<li>\ud83c\udfad E\u011flenceli kost\u00fcmleriyle <strong>festival ortam\u0131<\/strong><\/li>\n<li>\ud83c\udf7d\ufe0f Her damak tad\u0131na uygun <strong>\u00e7e\u015fitli restoranlar<\/strong><\/li>\n<li>\ud83c\udfb6 M\u00fczik e\u015fli\u011finde <strong>dans ve e\u011flence<\/strong><\/li>\n<\/ul>\n<p>\ud83d\udd5a Saat <strong>23:00&#8217;de otele b\u0131rak\u0131l\u0131yorsunuz.<\/strong><\/p>\n<blockquote><p>Unutulmaz bir gece i\u00e7in haz\u0131r m\u0131s\u0131n\u0131z? \ud83d\udd25<\/p><\/blockquote>\n<p>&nbsp;<\/p>\n","protected":false},"excerpt":{"rendered":"<p>\ud83c\udf19 LAND OF LEGENDS GECE \u015eOVU \u2014 Belek Saat 18:00&#8217;de otelden al\u0131n\u0131yorsunuz ve Belek&#8217;teki Land of Legends&#8217;a g\u00f6t\u00fcr\u00fcl\u00fcyorsunuz. Sizi b\u00fcy\u00fcleyici bir gece bekliyor! \u2728 Gecede sizi neler bekliyor? \ud83d\udc83 Nefes kesen dans g\u00f6sterileri \ud83c\udf86 G\u00f6ky\u00fcz\u00fcn\u00fc ayd\u0131nlatan havai fi\u015fek \u015fovlar\u0131 \u26f2 B\u00fcy\u00fcleyici su ve \u0131\u015f\u0131k fonteni g\u00f6sterileri \ud83d\udecd\ufe0f Canl\u0131 atmosferiyle al\u0131\u015fveri\u015f merkezi \ud83c\udfad E\u011flenceli kost\u00fcmleriyle festival [&hellip;]<\/p>\n","protected":false},"featured_media":12377,"template":"","meta":[],"product_cat":[59],"product_tag":[],"class_list":["post-12321","product","type-product","status-publish","has-post-thumbnail","hentry","brw_tour_types-alternatif-turlar","product_cat-alternatif-turlar"],"_links":{"self":[{"href":"https:\/\/dopamintravel.com.tr\/tr\/wp-json\/wp\/v2\/product\/12321","targetHints":{"allow":["GET"]}}],"collection":[{"href":"https:\/\/dopamintravel.com.tr\/tr\/wp-json\/wp\/v2\/product"}],"about":[{"href":"https:\/\/dopamintravel.com.tr\/tr\/wp-json\/wp\/v2\/types\/product"}],"wp:featuredmedia":[{"embeddable":true,"href":"https:\/\/dopamintravel.com.tr\/tr\/wp-json\/wp\/v2\/media\/12377"}],"wp:attachment":[{"href":"https:\/\/dopamintravel.com.tr\/tr\/wp-json\/wp\/v2\/media?parent=12321"}],"wp:term":[{"taxonomy":"product_cat","embeddable":true,"href":"https:\/\/dopamintravel.com.tr\/tr\/wp-json\/wp\/v2\/product_cat?post=12321"},{"taxonomy":"product_tag","embeddable":true,"href":"https:\/\/dopamintravel.com.tr\/tr\/wp-json\/wp\/v2\/product_tag?post=12321"}],"curies":[{"name":"wp","href":"https:\/\/api.w.org\/{rel}","templated":true}]}}