{"id":9624,"date":"2023-12-12T09:55:41","date_gmt":"2023-12-12T09:55:41","guid":{"rendered":"https:\/\/dopamintravel.com.tr\/tr\/?post_type=product&#038;p=9624"},"modified":"2026-02-23T13:29:04","modified_gmt":"2026-02-23T13:29:04","slug":"pamukkale-hierapolis-cleopatra-turu","status":"publish","type":"product","link":"https:\/\/dopamintravel.com.tr\/tr\/tur\/pamukkale-hierapolis-cleopatra-turu\/","title":{"rendered":"Pamukkale &#8211; Hierapolis &#8211; Cleopatra Turu"},"content":{"rendered":"<h2><strong>Pamukkale &#8211; Hierapolis &#8211; Cleopatra Turu: Do\u011fan\u0131n ve Tarihin B\u00fcy\u00fcs\u00fc<\/strong><\/h2>\n<p>Dopamin Travel olarak sizi, Pamukkale&#8217;nin bembeyaz travertenleri, antik kent Hierapolis ve Cleopatra&#8217;n\u0131n termal havuzlar\u0131yla dolu e\u015fsiz bir g\u00fcn\u00fc ya\u015famaya davet ediyoruz. Bu tur, do\u011fan\u0131n ve tarihin b\u00fcy\u00fcs\u00fcn\u00fc ayn\u0131 anda ke\u015ffetme f\u0131rsat\u0131 sunuyor.<\/p>\n<p><strong>Tur Program\u0131:<\/strong><\/p>\n<ul>\n<li>Sabah 06:00-07:00 aras\u0131nda adresinizden veya otelinizden al\u0131n\u0131\u015f.<\/li>\n<li>Pamukkale ve Hierapolis: Maksimum 3 saat boyunca d\u00fcnyaca \u00fcnl\u00fc travertenleri ve antik kenti ke\u015ffedin.<\/li>\n<li>Cleopatra Termal Havuz Y\u00fczme (fiyata dahil de\u011fil).<\/li>\n<li>\u015earap ve Tekstil Fabrika Sat\u0131\u015f Ma\u011fazalar\u0131na Ziyaret.<\/li>\n<li>Yakla\u015f\u0131k olarak 19:00-20:00 aras\u0131nda Antalya adresinize d\u00f6n\u00fc\u015f.<\/li>\n<\/ul>\n<p><strong>Pamukkale \/ Hierapolis:<\/strong> Pamukkale, do\u011fal traverten teraslar\u0131 ve antik Hierapolis kenti ile \u00fcnl\u00fcd\u00fcr. S\u0131cak \u015fifal\u0131 kaynak sular\u0131n\u0131n olu\u015fturdu\u011fu beyaz travertenler, adeta bir do\u011fa harikas\u0131d\u0131r. Antik Hierapolis ise \u0130sa Mesih\u2019in 12 havarisinden biri olan St. Philip&#8217;in mezar\u0131na ev sahipli\u011fi yapm\u0131\u015ft\u0131r.<\/p>\n<p><strong>Cleopatra Termal Havuz:<\/strong> Roma s\u00fctunlar\u0131yla \u00e7evrili Cleopatra Termal Havuzu&#8217;nda y\u00fczmek, s\u0131cak maden suyu ile \u015fifa bulmaya olanak tan\u0131r. Havuzun keyfini \u00e7\u0131kar\u0131rken Roma d\u00f6nemine ait bir atmosferde zaman ge\u00e7irin.<\/p>\n<p>Pamukkale&#8217;nin do\u011fal g\u00fczellikleri ve tarihi zenginlikleriyle dolu bu g\u00fcn\u00fc ka\u00e7\u0131rmay\u0131n. \u015eimdi rezervasyon yap\u0131n ve unutulmaz bir deneyim i\u00e7in bize kat\u0131l\u0131n! \ud83c\udfde\ufe0f\ud83c\udfdb\ufe0f\ud83c\udf0a<\/p>\n","protected":false},"excerpt":{"rendered":"<p>Pamukkale &#8211; Hierapolis &#8211; Cleopatra Turu: Do\u011fan\u0131n ve Tarihin B\u00fcy\u00fcs\u00fc Dopamin Travel olarak sizi, Pamukkale&#8217;nin bembeyaz travertenleri, antik kent Hierapolis ve Cleopatra&#8217;n\u0131n termal havuzlar\u0131yla dolu e\u015fsiz bir g\u00fcn\u00fc ya\u015famaya davet ediyoruz. Bu tur, do\u011fan\u0131n ve tarihin b\u00fcy\u00fcs\u00fcn\u00fc ayn\u0131 anda ke\u015ffetme f\u0131rsat\u0131 sunuyor. Tur Program\u0131: Sabah 06:00-07:00 aras\u0131nda adresinizden veya otelinizden al\u0131n\u0131\u015f. Pamukkale ve Hierapolis: Maksimum [&hellip;]<\/p>\n","protected":false},"featured_media":9635,"template":"","meta":[],"product_cat":[56,65,86,58],"product_tag":[],"class_list":["post-9624","product","type-product","status-publish","has-post-thumbnail","hentry","brw_tour_types-saglik-turlari","product_cat-kultur-turlari","product_cat-pamukkale-hiyerapolisi","product_cat-populer-turlar","product_cat-saglik-turlari"],"_links":{"self":[{"href":"https:\/\/dopamintravel.com.tr\/tr\/wp-json\/wp\/v2\/product\/9624","targetHints":{"allow":["GET"]}}],"collection":[{"href":"https:\/\/dopamintravel.com.tr\/tr\/wp-json\/wp\/v2\/product"}],"about":[{"href":"https:\/\/dopamintravel.com.tr\/tr\/wp-json\/wp\/v2\/types\/product"}],"wp:featuredmedia":[{"embeddable":true,"href":"https:\/\/dopamintravel.com.tr\/tr\/wp-json\/wp\/v2\/media\/9635"}],"wp:attachment":[{"href":"https:\/\/dopamintravel.com.tr\/tr\/wp-json\/wp\/v2\/media?parent=9624"}],"wp:term":[{"taxonomy":"product_cat","embeddable":true,"href":"https:\/\/dopamintravel.com.tr\/tr\/wp-json\/wp\/v2\/product_cat?post=9624"},{"taxonomy":"product_tag","embeddable":true,"href":"https:\/\/dopamintravel.com.tr\/tr\/wp-json\/wp\/v2\/product_tag?post=9624"}],"curies":[{"name":"wp","href":"https:\/\/api.w.org\/{rel}","templated":true}]}}