{"id":9985,"date":"2024-01-10T13:19:03","date_gmt":"2024-01-10T13:19:03","guid":{"rendered":"https:\/\/dopamintravel.com.tr\/tr\/?post_type=product&#038;p=9985"},"modified":"2024-01-10T15:20:49","modified_gmt":"2024-01-10T15:20:49","slug":"antalya-aqualand-ve-yunus-baligi-sov","status":"publish","type":"product","link":"https:\/\/dopamintravel.com.tr\/tr\/tur\/antalya-aqualand-ve-yunus-baligi-sov\/","title":{"rendered":"Antalya Aqualand ve Yunus Bal\u0131\u011f\u0131 \u015eov"},"content":{"rendered":"<p>Antalya Aqualand ve Yunus Bal\u0131\u011f\u0131 \u015eovu turu, e\u011flence dolu bir su park\u0131 deneyimi ve sevimli yunus bal\u0131klar\u0131n\u0131n g\u00f6sterisiyle keyifli bir g\u00fcn sunar. \u0130\u015fte genel bir tur a\u00e7\u0131klamas\u0131:<\/p>\n<p>Antalya Aqualand ve Yunus Bal\u0131\u011f\u0131 \u015eovu:<\/p>\n<p>Bu tur, su kayd\u0131raklar\u0131, y\u00fczme havuzlar\u0131 ve di\u011fer su aktiviteleri ile dolu bir su park\u0131 olan Aqualand&#8217;\u0131 ziyaret etmenin yan\u0131 s\u0131ra, sevimli yunus bal\u0131klar\u0131n\u0131n \u00f6zel bir g\u00f6sterisini de i\u00e7erir. Kat\u0131l\u0131mc\u0131lar, hem e\u011flenceli bir su park\u0131 deneyimi ya\u015farlar hem de yunuslar\u0131n akrobatik hareketlerini izleyerek unutulmaz anlar ya\u015farlar.<\/p>\n<p>&nbsp;<\/p>\n","protected":false},"excerpt":{"rendered":"<p>Antalya Aqualand ve Yunus Bal\u0131\u011f\u0131 \u015eovu turu, e\u011flence dolu bir su park\u0131 deneyimi ve sevimli yunus bal\u0131klar\u0131n\u0131n g\u00f6sterisiyle keyifli bir g\u00fcn sunar. \u0130\u015fte genel bir tur a\u00e7\u0131klamas\u0131: Antalya Aqualand ve Yunus Bal\u0131\u011f\u0131 \u015eovu: Bu tur, su kayd\u0131raklar\u0131, y\u00fczme havuzlar\u0131 ve di\u011fer su aktiviteleri ile dolu bir su park\u0131 olan Aqualand&#8217;\u0131 ziyaret etmenin yan\u0131 s\u0131ra, sevimli [&hellip;]<\/p>\n","protected":false},"featured_media":9986,"template":"","meta":[],"product_cat":[59,86],"product_tag":[],"class_list":["post-9985","product","type-product","status-publish","has-post-thumbnail","hentry","product_cat-alternatif-turlar","product_cat-populer-turlar"],"_links":{"self":[{"href":"https:\/\/dopamintravel.com.tr\/tr\/wp-json\/wp\/v2\/product\/9985","targetHints":{"allow":["GET"]}}],"collection":[{"href":"https:\/\/dopamintravel.com.tr\/tr\/wp-json\/wp\/v2\/product"}],"about":[{"href":"https:\/\/dopamintravel.com.tr\/tr\/wp-json\/wp\/v2\/types\/product"}],"wp:featuredmedia":[{"embeddable":true,"href":"https:\/\/dopamintravel.com.tr\/tr\/wp-json\/wp\/v2\/media\/9986"}],"wp:attachment":[{"href":"https:\/\/dopamintravel.com.tr\/tr\/wp-json\/wp\/v2\/media?parent=9985"}],"wp:term":[{"taxonomy":"product_cat","embeddable":true,"href":"https:\/\/dopamintravel.com.tr\/tr\/wp-json\/wp\/v2\/product_cat?post=9985"},{"taxonomy":"product_tag","embeddable":true,"href":"https:\/\/dopamintravel.com.tr\/tr\/wp-json\/wp\/v2\/product_tag?post=9985"}],"curies":[{"name":"wp","href":"https:\/\/api.w.org\/{rel}","templated":true}]}}